
{"id":9,"date":"2019-09-07T16:20:05","date_gmt":"2019-09-07T16:20:05","guid":{"rendered":"https:\/\/blasco-naturheilpraxis.de\/?page_id=9"},"modified":"2019-09-10T12:43:37","modified_gmt":"2019-09-10T12:43:37","slug":"therapieverfahren","status":"publish","type":"page","link":"https:\/\/blasco-naturheilpraxis.de\/index.php\/therapieverfahren\/","title":{"rendered":"Therapieverfahren"},"content":{"rendered":"\n<p>Hier k\u00f6nnen Sie etwas \u00fcber die Grundprinzipien einiger alternativer Heilverfahren in Kurzdarstellung erfahren.<br>Die Behandlungsmethode w\u00e4hle ich inidkativ und individuell je nach Patient und Problematik aus.<br>Alternative Heilmethoden haben das Ziel, den K\u00f6rper zu st\u00e4rken und somit die nat\u00fcrlichen Selbstheilungskr\u00e4fte zu aktivieren. Sie sind schonend und k\u00f6nnen auch in speziellen Situatuionen begleitend eingesetzt werden, z.B. w\u00e4hrend der Schwangerschaft, bei S\u00e4uglingen und Kleinkindern, postoperative Beschwerden etc.<\/p>\n\n\n\n<p>Ich setze folgende Methoden* ein:<\/p>\n\n\n\n<ul><li>Blutegeltherapie<\/li><li>Eigenbluttherapie<\/li><li>Fu\u00dfreflexzonenmassage<\/li><li>Shiatsu<\/li><li>Ausleitungsverfahren<\/li><li><a href=\"https:\/\/blasco-naturheilpraxis.de\/index.php\/2019\/09\/07\/klassische-homoeopathie\/\">klassische Hom\u00f6opathie<\/a><\/li><li><a href=\"https:\/\/blasco-naturheilpraxis.de\/index.php\/2019\/09\/07\/traditionelle-chinesische-medizin\/\">traditionelle chinesische Medizin (TCM)<\/a><\/li><li><a href=\"https:\/\/blasco-naturheilpraxis.de\/index.php\/2019\/09\/07\/craniosacrale-osteopathie\/\">Craniosacral-Osteopathie<\/a><\/li><li><a href=\"https:\/\/blasco-naturheilpraxis.de\/index.php\/2019\/09\/10\/gestalttherapie\/\">Gestalttherapie<\/a><\/li><\/ul>\n\n\n\n<p>Sie k\u00f6nnen z.B. bei folgenden Beschwerden eingesetzt werden:<\/p>\n\n\n\n<ul><li>Schwangerschaftsbeschwerden<\/li><li>Hautprobleme<\/li><li>Allergien<\/li><li>Arteriosklerose<\/li><li>Gelenkschmerzen<\/li><li>Magen-Darm-Probleme<\/li><li>Sportverletzungen<\/li><li>Schlafst\u00f6rungen<\/li><li>Schlechte Wundheilung<\/li><li>Bandscheibenvorfall<\/li><li>Atemwegserkrankungen<\/li><li>Ersch\u00f6pfungszust\u00e4nde&#8230; u.v.m.<br><\/li><\/ul>\n\n\n\n<p style=\"font-size:12px\" class=\"has-text-color has-medium-gray-color\">*<strong><em>Wissenschaftsklausel: <\/em><\/strong><em>Die genannten Methoden geh\u00f6ren zur Erfahrungsmedizin. Die Wirkung ist nicht wissenschaftlich erwiesen im Sinne der Schulmedizin mit randomisierten, placebokontrollierten Doppelblindstudien.<\/em><\/p>\n","protected":false},"excerpt":{"rendered":"<p>Hier k\u00f6nnen Sie etwas \u00fcber die Grundprinzipien einiger alternativer Heilverfahren in Kurzdarstellung erfahren.Die Behandlungsmethode w\u00e4hle ich inidkativ und individuell je nach Patient und Problematik aus.Alternative Heilmethoden haben das Ziel, den K\u00f6rper zu st\u00e4rken und somit die nat\u00fcrlichen Selbstheilungskr\u00e4fte zu aktivieren. &hellip; <a href=\"https:\/\/blasco-naturheilpraxis.de\/index.php\/therapieverfahren\/\">Weiterlesen <span class=\"meta-nav\">&rarr;<\/span><\/a><\/p>\n","protected":false},"author":1,"featured_media":0,"parent":0,"menu_order":0,"comment_status":"closed","ping_status":"closed","template":"","meta":{"footnotes":""},"yoast_head":"<!-- This site is optimized with the Yoast SEO plugin v15.9.2 - https:\/\/yoast.com\/wordpress\/plugins\/seo\/ -->\n<link rel=\"canonical\" href=\"https:\/\/blasco-naturheilpraxis.de\/index.php\/therapieverfahren\/\" \/>\n<meta property=\"og:locale\" content=\"de_DE\" \/>\n<meta property=\"og:type\" content=\"article\" \/>\n<meta property=\"og:title\" content=\"Therapieverfahren - Blasco Naturheilpraxis K\u00f6ln\" \/>\n<meta property=\"og:description\" content=\"Hier k\u00f6nnen Sie etwas \u00fcber die Grundprinzipien einiger alternativer Heilverfahren in Kurzdarstellung erfahren.Die Behandlungsmethode w\u00e4hle ich inidkativ und individuell je nach Patient und Problematik aus.Alternative Heilmethoden haben das Ziel, den K\u00f6rper zu st\u00e4rken und somit die nat\u00fcrlichen Selbstheilungskr\u00e4fte zu aktivieren. &hellip; Weiterlesen &rarr;\" \/>\n<meta property=\"og:url\" content=\"https:\/\/blasco-naturheilpraxis.de\/index.php\/therapieverfahren\/\" \/>\n<meta property=\"og:site_name\" content=\"Blasco Naturheilpraxis K\u00f6ln\" \/>\n<meta property=\"article:modified_time\" content=\"2019-09-10T12:43:37+00:00\" \/>\n<meta name=\"twitter:card\" content=\"summary_large_image\" \/>\n<meta name=\"twitter:label1\" content=\"Gesch\u00e4tzte Lesezeit\">\n\t<meta name=\"twitter:data1\" content=\"1\u00a0Minute\">\n<script type=\"application\/ld+json\" class=\"yoast-schema-graph\">{\"@context\":\"https:\/\/schema.org\",\"@graph\":[{\"@type\":\"WebSite\",\"@id\":\"https:\/\/blasco-naturheilpraxis.de\/#website\",\"url\":\"https:\/\/blasco-naturheilpraxis.de\/\",\"name\":\"Blasco Naturheilpraxis K\\u00f6ln\",\"description\":\"\",\"potentialAction\":[{\"@type\":\"SearchAction\",\"target\":\"https:\/\/blasco-naturheilpraxis.de\/?s={search_term_string}\",\"query-input\":\"required name=search_term_string\"}],\"inLanguage\":\"de\"},{\"@type\":\"WebPage\",\"@id\":\"https:\/\/blasco-naturheilpraxis.de\/index.php\/therapieverfahren\/#webpage\",\"url\":\"https:\/\/blasco-naturheilpraxis.de\/index.php\/therapieverfahren\/\",\"name\":\"Therapieverfahren - Blasco Naturheilpraxis K\\u00f6ln\",\"isPartOf\":{\"@id\":\"https:\/\/blasco-naturheilpraxis.de\/#website\"},\"datePublished\":\"2019-09-07T16:20:05+00:00\",\"dateModified\":\"2019-09-10T12:43:37+00:00\",\"breadcrumb\":{\"@id\":\"https:\/\/blasco-naturheilpraxis.de\/index.php\/therapieverfahren\/#breadcrumb\"},\"inLanguage\":\"de\",\"potentialAction\":[{\"@type\":\"ReadAction\",\"target\":[\"https:\/\/blasco-naturheilpraxis.de\/index.php\/therapieverfahren\/\"]}]},{\"@type\":\"BreadcrumbList\",\"@id\":\"https:\/\/blasco-naturheilpraxis.de\/index.php\/therapieverfahren\/#breadcrumb\",\"itemListElement\":[{\"@type\":\"ListItem\",\"position\":1,\"item\":{\"@type\":\"WebPage\",\"@id\":\"https:\/\/blasco-naturheilpraxis.de\/\",\"url\":\"https:\/\/blasco-naturheilpraxis.de\/\",\"name\":\"Home\"}},{\"@type\":\"ListItem\",\"position\":2,\"item\":{\"@type\":\"WebPage\",\"@id\":\"https:\/\/blasco-naturheilpraxis.de\/index.php\/therapieverfahren\/\",\"url\":\"https:\/\/blasco-naturheilpraxis.de\/index.php\/therapieverfahren\/\",\"name\":\"Therapieverfahren\"}}]}]}<\/script>\n<!-- \/ Yoast SEO plugin. -->","_links":{"self":[{"href":"https:\/\/blasco-naturheilpraxis.de\/index.php\/wp-json\/wp\/v2\/pages\/9"}],"collection":[{"href":"https:\/\/blasco-naturheilpraxis.de\/index.php\/wp-json\/wp\/v2\/pages"}],"about":[{"href":"https:\/\/blasco-naturheilpraxis.de\/index.php\/wp-json\/wp\/v2\/types\/page"}],"author":[{"embeddable":true,"href":"https:\/\/blasco-naturheilpraxis.de\/index.php\/wp-json\/wp\/v2\/users\/1"}],"replies":[{"embeddable":true,"href":"https:\/\/blasco-naturheilpraxis.de\/index.php\/wp-json\/wp\/v2\/comments?post=9"}],"version-history":[{"count":3,"href":"https:\/\/blasco-naturheilpraxis.de\/index.php\/wp-json\/wp\/v2\/pages\/9\/revisions"}],"predecessor-version":[{"id":69,"href":"https:\/\/blasco-naturheilpraxis.de\/index.php\/wp-json\/wp\/v2\/pages\/9\/revisions\/69"}],"wp:attachment":[{"href":"https:\/\/blasco-naturheilpraxis.de\/index.php\/wp-json\/wp\/v2\/media?parent=9"}],"curies":[{"name":"wp","href":"https:\/\/api.w.org\/{rel}","templated":true}]}}