
{"id":6,"date":"2019-09-07T15:44:34","date_gmt":"2019-09-07T15:44:34","guid":{"rendered":"https:\/\/blasco-naturheilpraxis.de\/?page_id=6"},"modified":"2019-09-10T13:15:44","modified_gmt":"2019-09-10T13:15:44","slug":"blasco-naturheilpraxis","status":"publish","type":"page","link":"https:\/\/blasco-naturheilpraxis.de\/","title":{"rendered":"Blasco Naturheilpraxis"},"content":{"rendered":"\n<p>Willkommen bei der Patienteninformationsseite der Praxis f\u00fcr Naturheilkunde der Heilpraktikerin Elena H. Blasco in K\u00f6ln.<br>Im Bereich <a href=\"https:\/\/blasco-naturheilpraxis.de\/index.php\/therapieverfahren\/\">Therapieverfahren<\/a> k\u00f6nnen Sie sich \u00fcber die Grundprinzipien einiger von mir angewendete Behandlungsmethoden informieren.<br>Falls Sie weiteres erfahren m\u00f6chten, stehe ich Ihnen gerne zu einem pers\u00f6nlichen Gespr\u00e4ch zur Verf\u00fcgung. Unter <a href=\"https:\/\/blasco-naturheilpraxis.de\/index.php\/kontakt-impressum\/\">Kontakt<\/a> finden Sie meine Kontaktm\u00f6glichkeiten.<\/p>\n","protected":false},"excerpt":{"rendered":"<p>Willkommen bei der Patienteninformationsseite der Praxis f\u00fcr Naturheilkunde der Heilpraktikerin Elena H. Blasco in K\u00f6ln.Im Bereich Therapieverfahren k\u00f6nnen Sie sich \u00fcber die Grundprinzipien einiger von mir angewendete Behandlungsmethoden informieren.Falls Sie weiteres erfahren m\u00f6chten, stehe ich Ihnen gerne zu einem pers\u00f6nlichen &hellip; <a href=\"https:\/\/blasco-naturheilpraxis.de\/\">Weiterlesen <span class=\"meta-nav\">&rarr;<\/span><\/a><\/p>\n","protected":false},"author":1,"featured_media":0,"parent":0,"menu_order":0,"comment_status":"closed","ping_status":"closed","template":"","meta":{"footnotes":""},"yoast_head":"<!-- This site is optimized with the Yoast SEO plugin v15.9.2 - https:\/\/yoast.com\/wordpress\/plugins\/seo\/ -->\n<link rel=\"canonical\" href=\"https:\/\/blasco-naturheilpraxis.de\/\" \/>\n<meta property=\"og:locale\" content=\"de_DE\" \/>\n<meta property=\"og:type\" content=\"article\" \/>\n<meta property=\"og:title\" content=\"Blasco Naturheilpraxis - Blasco Naturheilpraxis K\u00f6ln\" \/>\n<meta property=\"og:description\" content=\"Willkommen bei der Patienteninformationsseite der Praxis f\u00fcr Naturheilkunde der Heilpraktikerin Elena H. Blasco in K\u00f6ln.Im Bereich Therapieverfahren k\u00f6nnen Sie sich \u00fcber die Grundprinzipien einiger von mir angewendete Behandlungsmethoden informieren.Falls Sie weiteres erfahren m\u00f6chten, stehe ich Ihnen gerne zu einem pers\u00f6nlichen &hellip; Weiterlesen &rarr;\" \/>\n<meta property=\"og:url\" content=\"https:\/\/blasco-naturheilpraxis.de\/\" \/>\n<meta property=\"og:site_name\" content=\"Blasco Naturheilpraxis K\u00f6ln\" \/>\n<meta property=\"article:modified_time\" content=\"2019-09-10T13:15:44+00:00\" \/>\n<meta name=\"twitter:card\" content=\"summary_large_image\" \/>\n<script type=\"application\/ld+json\" class=\"yoast-schema-graph\">{\"@context\":\"https:\/\/schema.org\",\"@graph\":[{\"@type\":\"WebSite\",\"@id\":\"https:\/\/blasco-naturheilpraxis.de\/#website\",\"url\":\"https:\/\/blasco-naturheilpraxis.de\/\",\"name\":\"Blasco Naturheilpraxis K\\u00f6ln\",\"description\":\"\",\"potentialAction\":[{\"@type\":\"SearchAction\",\"target\":\"https:\/\/blasco-naturheilpraxis.de\/?s={search_term_string}\",\"query-input\":\"required name=search_term_string\"}],\"inLanguage\":\"de\"},{\"@type\":\"WebPage\",\"@id\":\"https:\/\/blasco-naturheilpraxis.de\/#webpage\",\"url\":\"https:\/\/blasco-naturheilpraxis.de\/\",\"name\":\"Blasco Naturheilpraxis - Blasco Naturheilpraxis K\\u00f6ln\",\"isPartOf\":{\"@id\":\"https:\/\/blasco-naturheilpraxis.de\/#website\"},\"datePublished\":\"2019-09-07T15:44:34+00:00\",\"dateModified\":\"2019-09-10T13:15:44+00:00\",\"breadcrumb\":{\"@id\":\"https:\/\/blasco-naturheilpraxis.de\/#breadcrumb\"},\"inLanguage\":\"de\",\"potentialAction\":[{\"@type\":\"ReadAction\",\"target\":[\"https:\/\/blasco-naturheilpraxis.de\/\"]}]},{\"@type\":\"BreadcrumbList\",\"@id\":\"https:\/\/blasco-naturheilpraxis.de\/#breadcrumb\",\"itemListElement\":[{\"@type\":\"ListItem\",\"position\":1,\"item\":{\"@type\":\"WebPage\",\"@id\":\"https:\/\/blasco-naturheilpraxis.de\/\",\"url\":\"https:\/\/blasco-naturheilpraxis.de\/\",\"name\":\"Home\"}},{\"@type\":\"ListItem\",\"position\":2,\"item\":{\"@type\":\"WebPage\",\"@id\":\"https:\/\/blasco-naturheilpraxis.de\/\",\"url\":\"https:\/\/blasco-naturheilpraxis.de\/\",\"name\":\"Blasco Naturheilpraxis\"}}]}]}<\/script>\n<!-- \/ Yoast SEO plugin. -->","_links":{"self":[{"href":"https:\/\/blasco-naturheilpraxis.de\/index.php\/wp-json\/wp\/v2\/pages\/6"}],"collection":[{"href":"https:\/\/blasco-naturheilpraxis.de\/index.php\/wp-json\/wp\/v2\/pages"}],"about":[{"href":"https:\/\/blasco-naturheilpraxis.de\/index.php\/wp-json\/wp\/v2\/types\/page"}],"author":[{"embeddable":true,"href":"https:\/\/blasco-naturheilpraxis.de\/index.php\/wp-json\/wp\/v2\/users\/1"}],"replies":[{"embeddable":true,"href":"https:\/\/blasco-naturheilpraxis.de\/index.php\/wp-json\/wp\/v2\/comments?post=6"}],"version-history":[{"count":4,"href":"https:\/\/blasco-naturheilpraxis.de\/index.php\/wp-json\/wp\/v2\/pages\/6\/revisions"}],"predecessor-version":[{"id":83,"href":"https:\/\/blasco-naturheilpraxis.de\/index.php\/wp-json\/wp\/v2\/pages\/6\/revisions\/83"}],"wp:attachment":[{"href":"https:\/\/blasco-naturheilpraxis.de\/index.php\/wp-json\/wp\/v2\/media?parent=6"}],"curies":[{"name":"wp","href":"https:\/\/api.w.org\/{rel}","templated":true}]}}