
{"id":12,"date":"2019-09-07T15:37:33","date_gmt":"2019-09-07T15:37:33","guid":{"rendered":"https:\/\/blasco-naturheilpraxis.de\/?page_id=12"},"modified":"2019-09-12T16:20:52","modified_gmt":"2019-09-12T16:20:52","slug":"zur-person-elena-blasco","status":"publish","type":"page","link":"https:\/\/blasco-naturheilpraxis.de\/index.php\/zur-person-elena-blasco\/","title":{"rendered":"Zur Person: Elena H. Blasco"},"content":{"rendered":"\n<ul><li>1953 in Argentinien geboren, geschieden, Mutter von zwei T\u00f6chter<\/li><li>1975 graduiert auf Diplom auf Lehramt f\u00fcr die Sekundarstufe II in Mathematik, Physik und Astronomie (Argentinien)<\/li><li>1975 \u2013 1978 Lehrstuhl f\u00fcr Algebra in der Fakult\u00e4t f\u00fcr Exakte Wissenschafen f\u00fcr Ingenieurswissenschaften und Architektur der Universit\u00e4t von San Juan (Argentinien)<\/li><li>1979 \u2013 1991 Auslandsaufenthalte aus beruflichen Gr\u00fcnde des Ex-Ehemannes: Venezuela, Brasilien, Mexiko, Kolumbien, \u00d6sterreich. Seit 1991 in K\u00f6ln wohnhaft.<\/li><li>1998 Heilpraktikerpr\u00fcfung<\/li><li>1998 \u2013 2004 T\u00e4tigkeit in einer Praxis f\u00fcr Biologische Orthop\u00e4die <\/li><li>1999 \u2013 2001 Shiatsu Ausbildung bei der IAOKAI Institut bei Sasatzi Sensei<\/li><li>1999 \u2013 2001 TCM Ausbildung bei Prof. Fan Lin (D\u00fcsseldorf) mit Hospitation in Hangzou (China) <\/li><li>2001 \u2013 2003 Craniosacrale Osteopathie Ausbildung bei Peter Amman (D\u00fcsseldorf) und Olaf Korpiun (Z\u00fcrich, Schule f\u00fcr K\u00f6rpertherapie)<\/li><li>2004 \u2013 2005 Ausbildung in Psychologische Beratung bei Martina Kalscheur<\/li><li>2005 \u2013 2012 Gestalttherapie Ausbildung im Centrum &#8211; Institut f\u00fcr Gestalttherapie (Bonn)<\/li><li>seit 2000 Ausbildung und stetige Weiterbildung in Klassischer Hom\u00f6opathie bei Karin Treppner<\/li><li>seit Juli 2004 in eigener Praxis t\u00e4tig<\/li><\/ul>\n","protected":false},"excerpt":{"rendered":"<p>1953 in Argentinien geboren, geschieden, Mutter von zwei T\u00f6chter 1975 graduiert auf Diplom auf Lehramt f\u00fcr die Sekundarstufe II in Mathematik, Physik und Astronomie (Argentinien) 1975 \u2013 1978 Lehrstuhl f\u00fcr Algebra in der Fakult\u00e4t f\u00fcr Exakte Wissenschafen f\u00fcr Ingenieurswissenschaften und &hellip; <a href=\"https:\/\/blasco-naturheilpraxis.de\/index.php\/zur-person-elena-blasco\/\">Weiterlesen <span class=\"meta-nav\">&rarr;<\/span><\/a><\/p>\n","protected":false},"author":1,"featured_media":0,"parent":0,"menu_order":0,"comment_status":"closed","ping_status":"closed","template":"","meta":{"footnotes":""},"yoast_head":"<!-- This site is optimized with the Yoast SEO plugin v15.9.2 - https:\/\/yoast.com\/wordpress\/plugins\/seo\/ -->\n<link rel=\"canonical\" href=\"https:\/\/blasco-naturheilpraxis.de\/index.php\/zur-person-elena-blasco\/\" \/>\n<meta property=\"og:locale\" content=\"de_DE\" \/>\n<meta property=\"og:type\" content=\"article\" \/>\n<meta property=\"og:title\" content=\"Zur Person: Elena H. Blasco - Blasco Naturheilpraxis K\u00f6ln\" \/>\n<meta property=\"og:description\" content=\"1953 in Argentinien geboren, geschieden, Mutter von zwei T\u00f6chter 1975 graduiert auf Diplom auf Lehramt f\u00fcr die Sekundarstufe II in Mathematik, Physik und Astronomie (Argentinien) 1975 \u2013 1978 Lehrstuhl f\u00fcr Algebra in der Fakult\u00e4t f\u00fcr Exakte Wissenschafen f\u00fcr Ingenieurswissenschaften und &hellip; Weiterlesen &rarr;\" \/>\n<meta property=\"og:url\" content=\"https:\/\/blasco-naturheilpraxis.de\/index.php\/zur-person-elena-blasco\/\" \/>\n<meta property=\"og:site_name\" content=\"Blasco Naturheilpraxis K\u00f6ln\" \/>\n<meta property=\"article:modified_time\" content=\"2019-09-12T16:20:52+00:00\" \/>\n<meta name=\"twitter:card\" content=\"summary_large_image\" \/>\n<meta name=\"twitter:label1\" content=\"Gesch\u00e4tzte Lesezeit\">\n\t<meta name=\"twitter:data1\" content=\"1\u00a0Minute\">\n<script type=\"application\/ld+json\" class=\"yoast-schema-graph\">{\"@context\":\"https:\/\/schema.org\",\"@graph\":[{\"@type\":\"WebSite\",\"@id\":\"https:\/\/blasco-naturheilpraxis.de\/#website\",\"url\":\"https:\/\/blasco-naturheilpraxis.de\/\",\"name\":\"Blasco Naturheilpraxis K\\u00f6ln\",\"description\":\"\",\"potentialAction\":[{\"@type\":\"SearchAction\",\"target\":\"https:\/\/blasco-naturheilpraxis.de\/?s={search_term_string}\",\"query-input\":\"required name=search_term_string\"}],\"inLanguage\":\"de\"},{\"@type\":\"WebPage\",\"@id\":\"https:\/\/blasco-naturheilpraxis.de\/index.php\/zur-person-elena-blasco\/#webpage\",\"url\":\"https:\/\/blasco-naturheilpraxis.de\/index.php\/zur-person-elena-blasco\/\",\"name\":\"Zur Person: Elena H. Blasco - Blasco Naturheilpraxis K\\u00f6ln\",\"isPartOf\":{\"@id\":\"https:\/\/blasco-naturheilpraxis.de\/#website\"},\"datePublished\":\"2019-09-07T15:37:33+00:00\",\"dateModified\":\"2019-09-12T16:20:52+00:00\",\"breadcrumb\":{\"@id\":\"https:\/\/blasco-naturheilpraxis.de\/index.php\/zur-person-elena-blasco\/#breadcrumb\"},\"inLanguage\":\"de\",\"potentialAction\":[{\"@type\":\"ReadAction\",\"target\":[\"https:\/\/blasco-naturheilpraxis.de\/index.php\/zur-person-elena-blasco\/\"]}]},{\"@type\":\"BreadcrumbList\",\"@id\":\"https:\/\/blasco-naturheilpraxis.de\/index.php\/zur-person-elena-blasco\/#breadcrumb\",\"itemListElement\":[{\"@type\":\"ListItem\",\"position\":1,\"item\":{\"@type\":\"WebPage\",\"@id\":\"https:\/\/blasco-naturheilpraxis.de\/\",\"url\":\"https:\/\/blasco-naturheilpraxis.de\/\",\"name\":\"Home\"}},{\"@type\":\"ListItem\",\"position\":2,\"item\":{\"@type\":\"WebPage\",\"@id\":\"https:\/\/blasco-naturheilpraxis.de\/index.php\/zur-person-elena-blasco\/\",\"url\":\"https:\/\/blasco-naturheilpraxis.de\/index.php\/zur-person-elena-blasco\/\",\"name\":\"Zur Person: Elena H. Blasco\"}}]}]}<\/script>\n<!-- \/ Yoast SEO plugin. -->","_links":{"self":[{"href":"https:\/\/blasco-naturheilpraxis.de\/index.php\/wp-json\/wp\/v2\/pages\/12"}],"collection":[{"href":"https:\/\/blasco-naturheilpraxis.de\/index.php\/wp-json\/wp\/v2\/pages"}],"about":[{"href":"https:\/\/blasco-naturheilpraxis.de\/index.php\/wp-json\/wp\/v2\/types\/page"}],"author":[{"embeddable":true,"href":"https:\/\/blasco-naturheilpraxis.de\/index.php\/wp-json\/wp\/v2\/users\/1"}],"replies":[{"embeddable":true,"href":"https:\/\/blasco-naturheilpraxis.de\/index.php\/wp-json\/wp\/v2\/comments?post=12"}],"version-history":[{"count":5,"href":"https:\/\/blasco-naturheilpraxis.de\/index.php\/wp-json\/wp\/v2\/pages\/12\/revisions"}],"predecessor-version":[{"id":81,"href":"https:\/\/blasco-naturheilpraxis.de\/index.php\/wp-json\/wp\/v2\/pages\/12\/revisions\/81"}],"wp:attachment":[{"href":"https:\/\/blasco-naturheilpraxis.de\/index.php\/wp-json\/wp\/v2\/media?parent=12"}],"curies":[{"name":"wp","href":"https:\/\/api.w.org\/{rel}","templated":true}]}}